{"id":15,"date":"2023-08-23T15:33:03","date_gmt":"2023-08-23T13:33:03","guid":{"rendered":"http:\/\/frame-art.pl\/?page_id=15"},"modified":"2023-08-23T15:42:21","modified_gmt":"2023-08-23T13:42:21","slug":"strona-glowna","status":"publish","type":"page","link":"http:\/\/frame-art.pl\/","title":{"rendered":"Strona g\u0142\u00f3wna"},"content":{"rendered":"\n<div class=\"wp-block-cover alignfull is-light hestia-clear-top-padding\"><span aria-hidden=\"true\" class=\"wp-block-cover__background has-white-background-color has-background-dim-100 has-background-dim\"><\/span><div class=\"wp-block-cover__inner-container is-layout-flow wp-block-cover-is-layout-flow\">\n<h2 class=\"wp-block-heading has-text-align-center has-text-color\" style=\"color:#3c4858\">OFERTA<\/h2>\n\n\n\n<div style=\"height:40px\" aria-hidden=\"true\" class=\"wp-block-spacer\"><\/div>\n\n\n\n<div class=\"wp-block-columns container is-layout-flex wp-container-core-columns-is-layout-9d6595d7 wp-block-columns-is-layout-flex\">\n<div class=\"wp-block-column is-layout-flow wp-block-column-is-layout-flow\"><div class=\"wp-block-image\">\n<figure class=\"aligncenter size-large\"><img decoding=\"async\" src=\"http:\/\/frame-art.pl\/wp-content\/themes\/hestia\/assets\/img\/feat1.png\" alt=\"\" class=\"wp-image-70\"\/><\/figure>\n<\/div>\n\n\n<h5 class=\"wp-block-heading has-text-align-center has-text-color\" style=\"color:#3c4858;font-size:18px\">Obs\u0142uga zwiedzaj\u0105cego i szatni<\/h5>\n\n\n\n<p class=\"has-text-align-center has-text-color\" style=\"color:#999999;font-size:14px\">Profesjonalizm i zaanga\u017cowanie naszych pracownik\u00f3w sprawiaj\u0105, \u017ce zwiedzaj\u0105cy z ch\u0119ci\u0105 wracaj\u0105 do odwiedzanych instytucji, oceniaj\u0105c je jako bardzo przyjazne.<\/p>\n\n\n\n<div style=\"height:25px\" aria-hidden=\"true\" class=\"wp-block-spacer\"><\/div>\n<\/div>\n\n\n\n<div class=\"wp-block-column is-layout-flow wp-block-column-is-layout-flow\"><div class=\"wp-block-image\">\n<figure class=\"aligncenter size-large\"><img decoding=\"async\" src=\"http:\/\/frame-art.pl\/wp-content\/themes\/hestia\/assets\/img\/feat2.png\" alt=\"\" class=\"wp-image-71\"\/><\/figure>\n<\/div>\n\n\n<h5 class=\"wp-block-heading has-text-align-center has-text-color\" style=\"color:#3c4858;font-size:18px\">Obs\u0142uga recepcji <\/h5>\n\n\n\n<p class=\"has-text-align-center has-text-color\" style=\"color:#999999;font-size:14px\">Obs\u0142ugujemy sprzeda\u017c bilet\u00f3w na stanowiskach instytucji lub kasach wyposa\u017conych kompleksowo przez nas. <\/p>\n\n\n\n<div style=\"height:25px\" aria-hidden=\"true\" class=\"wp-block-spacer\"><\/div>\n<\/div>\n\n\n\n<div class=\"wp-block-column is-layout-flow wp-block-column-is-layout-flow\"><div class=\"wp-block-image\">\n<figure class=\"aligncenter size-large\"><img decoding=\"async\" src=\"http:\/\/frame-art.pl\/wp-content\/themes\/hestia\/assets\/img\/feat3.png\" alt=\"\" class=\"wp-image-72\"\/><\/figure>\n<\/div>\n\n\n<h5 class=\"wp-block-heading has-text-align-center has-text-color\" style=\"color:#3c4858;font-size:18px\">Obs\u0142uga ksi\u0119garni i sklepik\u00f3w<\/h5>\n\n\n\n<p class=\"has-text-align-center has-text-color\" style=\"color:#999999;font-size:14px\">Obs\u0142ugujemy ksi\u0119garnie muzealne w pe\u0142nym zakresie, odpowiadamy za produkcj\u0119 gad\u017cet\u00f3w i upomink\u00f3w zwi\u0105zanych z dost\u0119pn\u0105 w muzeum aktualn\u0105 ofert\u0105.<\/p>\n\n\n\n<div style=\"height:25px\" aria-hidden=\"true\" class=\"wp-block-spacer\"><\/div>\n<\/div>\n<\/div>\n\n\n\n<div style=\"height:40px\" aria-hidden=\"true\" class=\"wp-block-spacer\"><\/div>\n<\/div><\/div>\n\n\n\n<div class=\"wp-block-columns container is-layout-flex wp-container-core-columns-is-layout-9d6595d7 wp-block-columns-is-layout-flex\">\n<div class=\"wp-block-column col-md-5 is-layout-flow wp-block-column-is-layout-flow\">\n<div style=\"height:55px\" aria-hidden=\"true\" class=\"wp-block-spacer\"><\/div>\n\n\n\n<h2 class=\"wp-block-heading\">O nas<\/h2>\n\n\n\n<p>Do\u00a0naszego zespo\u0142u\u00a0nale\u017c\u0105 animatorzy, edukatorzy, osoby z do\u015bwiadczeniem w sprzeda\u017cy i obs\u0142udze klienta. Spos\u00f3b i form\u0119 obs\u0142ugi dopasowujemy do potrzeb instytucji i jej klient\u00f3w. W\u015br\u00f3d naszych pracownik\u00f3w znajduj\u0105 si\u0119 osoby zwi\u0105zane z kultur\u0105 pasj\u0105, studiuj\u0105ce kierunki kulturoznawcze i pokrewne.<\/p>\n\n\n\n<p>Nasi pracownicy m\u00f3wi\u0105 w j\u0119zykach obcych, r\u00f3wnie\u017c mniej popularnych, takich jak francuski, rosyjski czy wietnamski. Dzi\u0119ki otwarto\u015bci i odpowiedniemu przeszkoleniu potrafi\u0105 pracowa\u0107 z osobami z dysfunkcjami. Posiadaj\u0105 szkolenia z obs\u0142ugi publiczno\u015bci z niepe\u0142nosprawno\u015bciami ruchowymi, wzroku i s\u0142uchu prowadzone przez m. in.&nbsp;<a href=\"https:\/\/kulturabezbarier.org\/\" rel=\"noreferrer noopener\" target=\"_blank\">Fundacj\u0119 Kultury Bez Barier<\/a>&nbsp;, jak r\u00f3wnie\u017c z Polskiego J\u0119zyka Migowego.<\/p>\n\n\n\n<p>Uczestnicz\u0105 w szkoleniach zewn\u0119trznych m.in.&nbsp;<a href=\"https:\/\/www.wilanow-palac.pl\/echocast.html\" rel=\"noreferrer noopener\" target=\"_blank\">ECHOCAST<\/a>&nbsp;(European Cultural Heritage Organizations Customer Awareness Staff Training) organizowanych przez Muzeum Pa\u0142acu Kr\u00f3la Jana III w Wilanowie. Realizowane przez pracownik\u00f3w szkolenia podkre\u015blaj\u0105 rol\u0119 personelu pierwszego kontaktu i znaczenie najwy\u017cszej jako\u015bci obs\u0142ugi, wzmacniaj\u0105 postawy odpowiadaj\u0105ce na potrzeby i oczekiwania zwiedzaj\u0105cych, a tak\u017ce pozwalaj\u0105 \u0107wiczy\u0107 skuteczn\u0105 komunikacj\u0119<\/p>\n<\/div>\n\n\n\n<div class=\"wp-block-column col-md-6 col-md-offset1 is-layout-flow wp-block-column-is-layout-flow\">\n<div style=\"height:55px\" aria-hidden=\"true\" class=\"wp-block-spacer\"><\/div>\n\n\n\n<figure class=\"wp-block-image size-large is-resized is-style-rounded\"><img loading=\"lazy\" decoding=\"async\" src=\"http:\/\/frame-art.pl\/wp-content\/uploads\/2023\/08\/CRICO-2-1024x683.jpg\" alt=\"\" class=\"wp-image-39\" style=\"width:565px;height:377px\" width=\"565\" height=\"377\" srcset=\"http:\/\/frame-art.pl\/wp-content\/uploads\/2023\/08\/CRICO-2-1024x683.jpg 1024w, http:\/\/frame-art.pl\/wp-content\/uploads\/2023\/08\/CRICO-2-300x200.jpg 300w, http:\/\/frame-art.pl\/wp-content\/uploads\/2023\/08\/CRICO-2-768x512.jpg 768w, http:\/\/frame-art.pl\/wp-content\/uploads\/2023\/08\/CRICO-2-1536x1024.jpg 1536w, http:\/\/frame-art.pl\/wp-content\/uploads\/2023\/08\/CRICO-2-2048x1365.jpg 2048w, http:\/\/frame-art.pl\/wp-content\/uploads\/2023\/08\/CRICO-2-360x240.jpg 360w\" sizes=\"auto, (max-width: 565px) 100vw, 565px\" \/><\/figure>\n\n\n\n<p><\/p>\n\n\n\n<figure class=\"wp-block-image size-large is-resized is-style-rounded\"><img loading=\"lazy\" decoding=\"async\" src=\"http:\/\/frame-art.pl\/wp-content\/uploads\/2023\/08\/CRICO-6-1024x683.jpg\" alt=\"\" class=\"wp-image-40\" style=\"width:572px;height:381px\" width=\"572\" height=\"381\" srcset=\"http:\/\/frame-art.pl\/wp-content\/uploads\/2023\/08\/CRICO-6-1024x683.jpg 1024w, http:\/\/frame-art.pl\/wp-content\/uploads\/2023\/08\/CRICO-6-300x200.jpg 300w, http:\/\/frame-art.pl\/wp-content\/uploads\/2023\/08\/CRICO-6-768x512.jpg 768w, http:\/\/frame-art.pl\/wp-content\/uploads\/2023\/08\/CRICO-6-1536x1024.jpg 1536w, http:\/\/frame-art.pl\/wp-content\/uploads\/2023\/08\/CRICO-6-2048x1365.jpg 2048w, http:\/\/frame-art.pl\/wp-content\/uploads\/2023\/08\/CRICO-6-360x240.jpg 360w\" sizes=\"auto, (max-width: 572px) 100vw, 572px\" \/><\/figure>\n<\/div>\n<\/div>\n","protected":false},"excerpt":{"rendered":"<p>O nas Do\u00a0naszego zespo\u0142u\u00a0nale\u017c\u0105 animatorzy, edukatorzy, osoby z do\u015bwiadczeniem w sprzeda\u017cy i obs\u0142udze klienta. Spos\u00f3b i form\u0119 obs\u0142ugi dopasowujemy do potrzeb instytucji i jej klient\u00f3w. W\u015br\u00f3d naszych pracownik\u00f3w znajduj\u0105 si\u0119 osoby zwi\u0105zane z kultur\u0105 pasj\u0105, studiuj\u0105ce kierunki kulturoznawcze i pokrewne. Nasi pracownicy m\u00f3wi\u0105 w j\u0119zykach obcych, r\u00f3wnie\u017c mniej popularnych, takich [&hellip;]<\/p>\n","protected":false},"author":1,"featured_media":25,"parent":0,"menu_order":0,"comment_status":"closed","ping_status":"closed","template":"","meta":{"footnotes":""},"class_list":["post-15","page","type-page","status-publish","has-post-thumbnail","hentry"],"yoast_head":"<!-- This site is optimized with the Yoast SEO plugin v20.13 - https:\/\/yoast.com\/wordpress\/plugins\/seo\/ -->\n<title>Strona g\u0142\u00f3wna - Frame-Art<\/title>\n<meta name=\"robots\" content=\"index, follow, max-snippet:-1, max-image-preview:large, max-video-preview:-1\" \/>\n<link rel=\"canonical\" href=\"http:\/\/frame-art.pl\/\" \/>\n<meta property=\"og:locale\" content=\"en_US\" \/>\n<meta property=\"og:type\" content=\"article\" \/>\n<meta property=\"og:title\" content=\"Strona g\u0142\u00f3wna - Frame-Art\" \/>\n<meta property=\"og:description\" content=\"O nas Do\u00a0naszego zespo\u0142u\u00a0nale\u017c\u0105 animatorzy, edukatorzy, osoby z do\u015bwiadczeniem w sprzeda\u017cy i obs\u0142udze klienta. Spos\u00f3b i form\u0119 obs\u0142ugi dopasowujemy do potrzeb instytucji i jej klient\u00f3w. W\u015br\u00f3d naszych pracownik\u00f3w znajduj\u0105 si\u0119 osoby zwi\u0105zane z kultur\u0105 pasj\u0105, studiuj\u0105ce kierunki kulturoznawcze i pokrewne. Nasi pracownicy m\u00f3wi\u0105 w j\u0119zykach obcych, r\u00f3wnie\u017c mniej popularnych, takich [&hellip;]\" \/>\n<meta property=\"og:url\" content=\"http:\/\/frame-art.pl\/\" \/>\n<meta property=\"og:site_name\" content=\"Frame-Art\" \/>\n<meta property=\"article:modified_time\" content=\"2023-08-23T13:42:21+00:00\" \/>\n<meta property=\"og:image\" content=\"http:\/\/frame-art.pl\/wp-content\/uploads\/2023\/08\/CRICO-4-scaled.jpg\" \/>\n\t<meta property=\"og:image:width\" content=\"2560\" \/>\n\t<meta property=\"og:image:height\" content=\"1707\" \/>\n\t<meta property=\"og:image:type\" content=\"image\/jpeg\" \/>\n<meta name=\"twitter:card\" content=\"summary_large_image\" \/>\n<meta name=\"twitter:label1\" content=\"Est. reading time\" \/>\n\t<meta name=\"twitter:data1\" content=\"3 minutes\" \/>\n<script type=\"application\/ld+json\" class=\"yoast-schema-graph\">{\"@context\":\"https:\/\/schema.org\",\"@graph\":[{\"@type\":\"WebPage\",\"@id\":\"http:\/\/frame-art.pl\/\",\"url\":\"http:\/\/frame-art.pl\/\",\"name\":\"Strona g\u0142\u00f3wna - Frame-Art\",\"isPartOf\":{\"@id\":\"http:\/\/frame-art.pl\/#website\"},\"datePublished\":\"2023-08-23T13:33:03+00:00\",\"dateModified\":\"2023-08-23T13:42:21+00:00\",\"breadcrumb\":{\"@id\":\"http:\/\/frame-art.pl\/#breadcrumb\"},\"inLanguage\":\"en-US\",\"potentialAction\":[{\"@type\":\"ReadAction\",\"target\":[\"http:\/\/frame-art.pl\/\"]}]},{\"@type\":\"BreadcrumbList\",\"@id\":\"http:\/\/frame-art.pl\/#breadcrumb\",\"itemListElement\":[{\"@type\":\"ListItem\",\"position\":1,\"name\":\"Home\",\"item\":\"http:\/\/frame-art.pl\/\"},{\"@type\":\"ListItem\",\"position\":2,\"name\":\"Strona g\u0142\u00f3wna\"}]},{\"@type\":\"WebSite\",\"@id\":\"http:\/\/frame-art.pl\/#website\",\"url\":\"http:\/\/frame-art.pl\/\",\"name\":\"Frame-Art\",\"description\":\"\",\"publisher\":{\"@id\":\"http:\/\/frame-art.pl\/#organization\"},\"potentialAction\":[{\"@type\":\"SearchAction\",\"target\":{\"@type\":\"EntryPoint\",\"urlTemplate\":\"http:\/\/frame-art.pl\/?s={search_term_string}\"},\"query-input\":\"required name=search_term_string\"}],\"inLanguage\":\"en-US\"},{\"@type\":\"Organization\",\"@id\":\"http:\/\/frame-art.pl\/#organization\",\"name\":\"Frame-Art\",\"url\":\"http:\/\/frame-art.pl\/\",\"logo\":{\"@type\":\"ImageObject\",\"inLanguage\":\"en-US\",\"@id\":\"http:\/\/frame-art.pl\/#\/schema\/logo\/image\/\",\"url\":\"http:\/\/frame-art.pl\/wp-content\/uploads\/2023\/08\/FRAME-ART-LOGO-male.png\",\"contentUrl\":\"http:\/\/frame-art.pl\/wp-content\/uploads\/2023\/08\/FRAME-ART-LOGO-male.png\",\"width\":116,\"height\":48,\"caption\":\"Frame-Art\"},\"image\":{\"@id\":\"http:\/\/frame-art.pl\/#\/schema\/logo\/image\/\"}}]}<\/script>\n<!-- \/ Yoast SEO plugin. -->","yoast_head_json":{"title":"Strona g\u0142\u00f3wna - Frame-Art","robots":{"index":"index","follow":"follow","max-snippet":"max-snippet:-1","max-image-preview":"max-image-preview:large","max-video-preview":"max-video-preview:-1"},"canonical":"http:\/\/frame-art.pl\/","og_locale":"en_US","og_type":"article","og_title":"Strona g\u0142\u00f3wna - Frame-Art","og_description":"O nas Do\u00a0naszego zespo\u0142u\u00a0nale\u017c\u0105 animatorzy, edukatorzy, osoby z do\u015bwiadczeniem w sprzeda\u017cy i obs\u0142udze klienta. Spos\u00f3b i form\u0119 obs\u0142ugi dopasowujemy do potrzeb instytucji i jej klient\u00f3w. W\u015br\u00f3d naszych pracownik\u00f3w znajduj\u0105 si\u0119 osoby zwi\u0105zane z kultur\u0105 pasj\u0105, studiuj\u0105ce kierunki kulturoznawcze i pokrewne. Nasi pracownicy m\u00f3wi\u0105 w j\u0119zykach obcych, r\u00f3wnie\u017c mniej popularnych, takich [&hellip;]","og_url":"http:\/\/frame-art.pl\/","og_site_name":"Frame-Art","article_modified_time":"2023-08-23T13:42:21+00:00","og_image":[{"width":2560,"height":1707,"url":"http:\/\/frame-art.pl\/wp-content\/uploads\/2023\/08\/CRICO-4-scaled.jpg","type":"image\/jpeg"}],"twitter_card":"summary_large_image","twitter_misc":{"Est. reading time":"3 minutes"},"schema":{"@context":"https:\/\/schema.org","@graph":[{"@type":"WebPage","@id":"http:\/\/frame-art.pl\/","url":"http:\/\/frame-art.pl\/","name":"Strona g\u0142\u00f3wna - Frame-Art","isPartOf":{"@id":"http:\/\/frame-art.pl\/#website"},"datePublished":"2023-08-23T13:33:03+00:00","dateModified":"2023-08-23T13:42:21+00:00","breadcrumb":{"@id":"http:\/\/frame-art.pl\/#breadcrumb"},"inLanguage":"en-US","potentialAction":[{"@type":"ReadAction","target":["http:\/\/frame-art.pl\/"]}]},{"@type":"BreadcrumbList","@id":"http:\/\/frame-art.pl\/#breadcrumb","itemListElement":[{"@type":"ListItem","position":1,"name":"Home","item":"http:\/\/frame-art.pl\/"},{"@type":"ListItem","position":2,"name":"Strona g\u0142\u00f3wna"}]},{"@type":"WebSite","@id":"http:\/\/frame-art.pl\/#website","url":"http:\/\/frame-art.pl\/","name":"Frame-Art","description":"","publisher":{"@id":"http:\/\/frame-art.pl\/#organization"},"potentialAction":[{"@type":"SearchAction","target":{"@type":"EntryPoint","urlTemplate":"http:\/\/frame-art.pl\/?s={search_term_string}"},"query-input":"required name=search_term_string"}],"inLanguage":"en-US"},{"@type":"Organization","@id":"http:\/\/frame-art.pl\/#organization","name":"Frame-Art","url":"http:\/\/frame-art.pl\/","logo":{"@type":"ImageObject","inLanguage":"en-US","@id":"http:\/\/frame-art.pl\/#\/schema\/logo\/image\/","url":"http:\/\/frame-art.pl\/wp-content\/uploads\/2023\/08\/FRAME-ART-LOGO-male.png","contentUrl":"http:\/\/frame-art.pl\/wp-content\/uploads\/2023\/08\/FRAME-ART-LOGO-male.png","width":116,"height":48,"caption":"Frame-Art"},"image":{"@id":"http:\/\/frame-art.pl\/#\/schema\/logo\/image\/"}}]}},"_links":{"self":[{"href":"http:\/\/frame-art.pl\/index.php?rest_route=\/wp\/v2\/pages\/15","targetHints":{"allow":["GET"]}}],"collection":[{"href":"http:\/\/frame-art.pl\/index.php?rest_route=\/wp\/v2\/pages"}],"about":[{"href":"http:\/\/frame-art.pl\/index.php?rest_route=\/wp\/v2\/types\/page"}],"author":[{"embeddable":true,"href":"http:\/\/frame-art.pl\/index.php?rest_route=\/wp\/v2\/users\/1"}],"replies":[{"embeddable":true,"href":"http:\/\/frame-art.pl\/index.php?rest_route=%2Fwp%2Fv2%2Fcomments&post=15"}],"version-history":[{"count":2,"href":"http:\/\/frame-art.pl\/index.php?rest_route=\/wp\/v2\/pages\/15\/revisions"}],"predecessor-version":[{"id":41,"href":"http:\/\/frame-art.pl\/index.php?rest_route=\/wp\/v2\/pages\/15\/revisions\/41"}],"wp:featuredmedia":[{"embeddable":true,"href":"http:\/\/frame-art.pl\/index.php?rest_route=\/wp\/v2\/media\/25"}],"wp:attachment":[{"href":"http:\/\/frame-art.pl\/index.php?rest_route=%2Fwp%2Fv2%2Fmedia&parent=15"}],"curies":[{"name":"wp","href":"https:\/\/api.w.org\/{rel}","templated":true}]}}